{"id":28,"date":"2016-03-02T15:05:32","date_gmt":"2016-03-02T14:05:32","guid":{"rendered":"http:\/\/vu2043.web.schuh-tv.at\/?page_id=28"},"modified":"2025-03-01T20:44:05","modified_gmt":"2025-03-01T19:44:05","slug":"kontakt","status":"publish","type":"page","link":"https:\/\/www.texsped.at\/en\/kontakt\/","title":{"rendered":"Contact"},"content":{"rendered":"<div class=\"wpb-content-wrapper\"><p>[vc_row][vc_column width=&#8221;1\/2&#8243;][vc_gmaps link=&#8221;#E-8_JTNDaWZyYW1lJTIwc3JjJTNEJTIyaHR0cHMlM0ElMkYlMkZ3d3cuZ29vZ2xlLmNvbSUyRm1hcHMlMkZlbWJlZCUzRnBiJTNEJTIxMW0xOCUyMTFtMTIlMjExbTMlMjExZDI2NjYuNTM2OTU4NTU0Mzk4NiUyMTJkMTYuMzM0ODY3MzE1ODAyNzMlMjEzZDQ4LjA2MTI3NzU2NDQ1MDclMjEybTMlMjExZjAlMjEyZjAlMjEzZjAlMjEzbTIlMjExaTEwMjQlMjEyaTc2OCUyMTRmMTMuMSUyMTNtMyUyMTFtMiUyMTFzMHg0NzZkYWU3MDZhMjk0N2Y5JTI1M0EweDRkMWZlMGE2ZmMxZThmMTYlMjEyc1RleHNwZWQlMjUyMFNwZWRpdGlvbiUyNTIwR21iSCUyMTVlMCUyMTNtMiUyMTFzZGUlMjEyc2F0JTIxNHYxNjAwNDI2NjE1ODA0JTIxNW0yJTIxMXNkZSUyMTJzYXQlMjIlMjB3aWR0aCUzRCUyMjYwMCUyMiUyMGhlaWdodCUzRCUyMjQ1MCUyMiUyMGZyYW1lYm9yZGVyJTNEJTIyMCUyMiUyMHN0eWxlJTNEJTIyYm9yZGVyJTNBMCUzQiUyMiUyMGFsbG93ZnVsbHNjcmVlbiUzRCUyMiUyMiUyMGFyaWEtaGlkZGVuJTNEJTIyZmFsc2UlMjIlMjB0YWJpbmRleCUzRCUyMjAlMjIlM0UlM0MlMkZpZnJhbWUlM0U=&#8221;][\/vc_column][vc_column width=&#8221;1\/2&#8243;][vc_column_text css=&#8221;&#8221;]<\/p>\n<h3><strong>Texsped Spedition Gesellschaft m.b.H.<\/strong><\/h3>\n<p>Industriezentrum N\u00d6-S\u00fcd,<br \/>\nStra\u00dfe 16, Objekt 62<br \/>\nA-2355 Wiener Neudorf<br \/>\nT: +43 (0) 2236 \/ 62 672 &#8211; 0<br \/>\nF: +43 (0) 2236 \/ 61 1 14<br \/>\nM: info@texsped.at<br \/>\nM: AV@texsped.at<br \/>\nW: www.texsped.at[\/vc_column_text][vc_column_text css=&#8221;&#8221;]<\/p>\n<h3>Anfahrtsbeschreibung<\/h3>\n<p>\u00dcber die Autobahn A2, die Ausfahrt \u201eIZ-N\u00d6-S\u00fcd\u201c, danach auf der rechten Spur bleiben und der Farbe BLAU (im IZ gibt es ein buntes (rot, gelb, gr\u00fcn, blau) Leitsystem!) folgen. Nach dem 2. Kreisverkehr \u2013 die erste M\u00f6glichkeit rechts abbiegen (Str. 16).[\/vc_column_text][\/vc_column][\/vc_row]<\/p>\n<\/div>","protected":false},"excerpt":{"rendered":"<p>[vc_row][vc_column width=&#8221;1\/2&#8243;][vc_gmaps link=&#8221;#E-8_JTNDaWZyYW1lJTIwc3JjJTNEJTIyaHR0cHMlM0ElMkYlMkZ3d3cuZ29vZ2xlLmNvbSUyRm1hcHMlMkZlbWJlZCUzRnBiJTNEJTIxMW0xOCUyMTFtMTIlMjExbTMlMjExZDI2NjYuNTM2OTU4NTU0Mzk4NiUyMTJkMTYuMzM0ODY3MzE1ODAyNzMlMjEzZDQ4LjA2MTI3NzU2NDQ1MDclMjEybTMlMjExZjAlMjEyZjAlMjEzZjAlMjEzbTIlMjExaTEwMjQlMjEyaTc2OCUyMTRmMTMuMSUyMTNtMyUyMTFtMiUyMTFzMHg0NzZkYWU3MDZhMjk0N2Y5JTI1M0EweDRkMWZlMGE2ZmMxZThmMTYlMjEyc1RleHNwZWQlMjUyMFNwZWRpdGlvbiUyNTIwR21iSCUyMTVlMCUyMTNtMiUyMTFzZGUlMjEyc2F0JTIxNHYxNjAwNDI2NjE1ODA0JTIxNW0yJTIxMXNkZSUyMTJzYXQlMjIlMjB3aWR0aCUzRCUyMjYwMCUyMiUyMGhlaWdodCUzRCUyMjQ1MCUyMiUyMGZyYW1lYm9yZGVyJTNEJTIyMCUyMiUyMHN0eWxlJTNEJTIyYm9yZGVyJTNBMCUzQiUyMiUyMGFsbG93ZnVsbHNjcmVlbiUzRCUyMiUyMiUyMGFyaWEtaGlkZGVuJTNEJTIyZmFsc2UlMjIlMjB0YWJpbmRleCUzRCUyMjAlMjIlM0UlM0MlMkZpZnJhbWUlM0U=&#8221;][\/vc_column][vc_column width=&#8221;1\/2&#8243;][vc_column_text css=&#8221;&#8221;] Texsped Spedition Gesellschaft m.b.H. Industriezentrum N\u00d6-S\u00fcd, Stra\u00dfe 16, Objekt 62 A-2355 Wiener Neudorf T: +43 [&hellip;]<\/p>\n","protected":false},"author":1,"featured_media":0,"parent":0,"menu_order":0,"comment_status":"closed","ping_status":"closed","template":"","meta":{"jetpack_post_was_ever_published":false,"footnotes":""},"class_list":["post-28","page","type-page","status-publish","hentry"],"yoast_head":"<!-- This site is optimized with the Yoast SEO plugin v24.5 - https:\/\/yoast.com\/wordpress\/plugins\/seo\/ -->\n<title>Contact - Texsped<\/title>\n<meta name=\"description\" content=\"Telefon: +43 (0) 2236 \/ 62 672 - 0 | E-Mail: info@texsped.at | Treten Sie mit uns in Kontakt. Wir freuen uns auf Ihre Anfrage!\" \/>\n<meta name=\"robots\" content=\"index, follow, max-snippet:-1, max-image-preview:large, max-video-preview:-1\" \/>\n<link rel=\"canonical\" href=\"https:\/\/www.texsped.at\/kontakt\/\" \/>\n<meta property=\"og:locale\" content=\"en_US\" \/>\n<meta property=\"og:type\" content=\"article\" \/>\n<meta property=\"og:title\" content=\"Contact - Texsped\" \/>\n<meta property=\"og:description\" content=\"Telefon: +43 (0) 2236 \/ 62 672 - 0 | E-Mail: info@texsped.at | Treten Sie mit uns in Kontakt. Wir freuen uns auf Ihre Anfrage!\" \/>\n<meta property=\"og:url\" content=\"https:\/\/www.texsped.at\/kontakt\/\" \/>\n<meta property=\"og:site_name\" content=\"Texsped\" \/>\n<meta property=\"article:modified_time\" content=\"2025-03-01T19:44:05+00:00\" \/>\n<meta name=\"twitter:card\" content=\"summary_large_image\" \/>\n<meta name=\"twitter:label1\" content=\"Est. reading time\" \/>\n\t<meta name=\"twitter:data1\" content=\"1 minute\" \/>\n<script type=\"application\/ld+json\" class=\"yoast-schema-graph\">{\"@context\":\"https:\/\/schema.org\",\"@graph\":[{\"@type\":\"WebPage\",\"@id\":\"https:\/\/www.texsped.at\/kontakt\/\",\"url\":\"https:\/\/www.texsped.at\/kontakt\/\",\"name\":\"Contact - Texsped\",\"isPartOf\":{\"@id\":\"https:\/\/www.texsped.at\/#website\"},\"datePublished\":\"2016-03-02T14:05:32+00:00\",\"dateModified\":\"2025-03-01T19:44:05+00:00\",\"description\":\"Telefon: +43 (0) 2236 \/ 62 672 - 0 | E-Mail: info@texsped.at | Treten Sie mit uns in Kontakt. Wir freuen uns auf Ihre Anfrage!\",\"breadcrumb\":{\"@id\":\"https:\/\/www.texsped.at\/kontakt\/#breadcrumb\"},\"inLanguage\":\"en-US\",\"potentialAction\":[{\"@type\":\"ReadAction\",\"target\":[\"https:\/\/www.texsped.at\/kontakt\/\"]}]},{\"@type\":\"BreadcrumbList\",\"@id\":\"https:\/\/www.texsped.at\/kontakt\/#breadcrumb\",\"itemListElement\":[{\"@type\":\"ListItem\",\"position\":1,\"name\":\"Home\",\"item\":\"https:\/\/www.texsped.at\/\"},{\"@type\":\"ListItem\",\"position\":2,\"name\":\"[:de]Kontakt[:en]Contact[:]\"}]},{\"@type\":\"WebSite\",\"@id\":\"https:\/\/www.texsped.at\/#website\",\"url\":\"https:\/\/www.texsped.at\/\",\"name\":\"Texsped\",\"description\":\"flexible supply chain management\",\"publisher\":{\"@id\":\"https:\/\/www.texsped.at\/#organization\"},\"potentialAction\":[{\"@type\":\"SearchAction\",\"target\":{\"@type\":\"EntryPoint\",\"urlTemplate\":\"https:\/\/www.texsped.at\/?s={search_term_string}\"},\"query-input\":{\"@type\":\"PropertyValueSpecification\",\"valueRequired\":true,\"valueName\":\"search_term_string\"}}],\"inLanguage\":\"en-US\"},{\"@type\":\"Organization\",\"@id\":\"https:\/\/www.texsped.at\/#organization\",\"name\":\"Texsped Spedition\",\"url\":\"https:\/\/www.texsped.at\/\",\"logo\":{\"@type\":\"ImageObject\",\"inLanguage\":\"en-US\",\"@id\":\"https:\/\/www.texsped.at\/#\/schema\/logo\/image\/\",\"url\":\"https:\/\/www.texsped.at\/wp-content\/uploads\/2016\/04\/Logo_Texsped_flexible_in_time.png\",\"contentUrl\":\"https:\/\/www.texsped.at\/wp-content\/uploads\/2016\/04\/Logo_Texsped_flexible_in_time.png\",\"width\":900,\"height\":359,\"caption\":\"Texsped Spedition\"},\"image\":{\"@id\":\"https:\/\/www.texsped.at\/#\/schema\/logo\/image\/\"}}]}<\/script>\n<!-- \/ Yoast SEO plugin. -->","yoast_head_json":{"title":"Contact - Texsped","description":"Telefon: +43 (0) 2236 \/ 62 672 - 0 | E-Mail: info@texsped.at | Treten Sie mit uns in Kontakt. Wir freuen uns auf Ihre Anfrage!","robots":{"index":"index","follow":"follow","max-snippet":"max-snippet:-1","max-image-preview":"max-image-preview:large","max-video-preview":"max-video-preview:-1"},"canonical":"https:\/\/www.texsped.at\/kontakt\/","og_locale":"en_US","og_type":"article","og_title":"Contact - Texsped","og_description":"Telefon: +43 (0) 2236 \/ 62 672 - 0 | E-Mail: info@texsped.at | Treten Sie mit uns in Kontakt. Wir freuen uns auf Ihre Anfrage!","og_url":"https:\/\/www.texsped.at\/kontakt\/","og_site_name":"Texsped","article_modified_time":"2025-03-01T19:44:05+00:00","twitter_card":"summary_large_image","twitter_misc":{"Est. reading time":"1 minute"},"schema":{"@context":"https:\/\/schema.org","@graph":[{"@type":"WebPage","@id":"https:\/\/www.texsped.at\/kontakt\/","url":"https:\/\/www.texsped.at\/kontakt\/","name":"Contact - Texsped","isPartOf":{"@id":"https:\/\/www.texsped.at\/#website"},"datePublished":"2016-03-02T14:05:32+00:00","dateModified":"2025-03-01T19:44:05+00:00","description":"Telefon: +43 (0) 2236 \/ 62 672 - 0 | E-Mail: info@texsped.at | Treten Sie mit uns in Kontakt. Wir freuen uns auf Ihre Anfrage!","breadcrumb":{"@id":"https:\/\/www.texsped.at\/kontakt\/#breadcrumb"},"inLanguage":"en-US","potentialAction":[{"@type":"ReadAction","target":["https:\/\/www.texsped.at\/kontakt\/"]}]},{"@type":"BreadcrumbList","@id":"https:\/\/www.texsped.at\/kontakt\/#breadcrumb","itemListElement":[{"@type":"ListItem","position":1,"name":"Home","item":"https:\/\/www.texsped.at\/"},{"@type":"ListItem","position":2,"name":"[:de]Kontakt[:en]Contact[:]"}]},{"@type":"WebSite","@id":"https:\/\/www.texsped.at\/#website","url":"https:\/\/www.texsped.at\/","name":"Texsped","description":"flexible supply chain management","publisher":{"@id":"https:\/\/www.texsped.at\/#organization"},"potentialAction":[{"@type":"SearchAction","target":{"@type":"EntryPoint","urlTemplate":"https:\/\/www.texsped.at\/?s={search_term_string}"},"query-input":{"@type":"PropertyValueSpecification","valueRequired":true,"valueName":"search_term_string"}}],"inLanguage":"en-US"},{"@type":"Organization","@id":"https:\/\/www.texsped.at\/#organization","name":"Texsped Spedition","url":"https:\/\/www.texsped.at\/","logo":{"@type":"ImageObject","inLanguage":"en-US","@id":"https:\/\/www.texsped.at\/#\/schema\/logo\/image\/","url":"https:\/\/www.texsped.at\/wp-content\/uploads\/2016\/04\/Logo_Texsped_flexible_in_time.png","contentUrl":"https:\/\/www.texsped.at\/wp-content\/uploads\/2016\/04\/Logo_Texsped_flexible_in_time.png","width":900,"height":359,"caption":"Texsped Spedition"},"image":{"@id":"https:\/\/www.texsped.at\/#\/schema\/logo\/image\/"}}]}},"jetpack_sharing_enabled":true,"jetpack_shortlink":"https:\/\/wp.me\/P7iTbg-s","_links":{"self":[{"href":"https:\/\/www.texsped.at\/en\/wp-json\/wp\/v2\/pages\/28"}],"collection":[{"href":"https:\/\/www.texsped.at\/en\/wp-json\/wp\/v2\/pages"}],"about":[{"href":"https:\/\/www.texsped.at\/en\/wp-json\/wp\/v2\/types\/page"}],"author":[{"embeddable":true,"href":"https:\/\/www.texsped.at\/en\/wp-json\/wp\/v2\/users\/1"}],"replies":[{"embeddable":true,"href":"https:\/\/www.texsped.at\/en\/wp-json\/wp\/v2\/comments?post=28"}],"version-history":[{"count":61,"href":"https:\/\/www.texsped.at\/en\/wp-json\/wp\/v2\/pages\/28\/revisions"}],"predecessor-version":[{"id":1046,"href":"https:\/\/www.texsped.at\/en\/wp-json\/wp\/v2\/pages\/28\/revisions\/1046"}],"wp:attachment":[{"href":"https:\/\/www.texsped.at\/en\/wp-json\/wp\/v2\/media?parent=28"}],"curies":[{"name":"wp","href":"https:\/\/api.w.org\/{rel}","templated":true}]}}