{"id":693,"date":"2018-11-02T21:43:43","date_gmt":"2018-11-02T20:43:43","guid":{"rendered":"http:\/\/www.texsped.at\/?page_id=693"},"modified":"2024-03-26T09:29:12","modified_gmt":"2024-03-26T08:29:12","slug":"aktuelle-stellenangebote","status":"publish","type":"page","link":"https:\/\/www.texsped.at\/en\/aktuelle-stellenangebote\/","title":{"rendered":"CURRENT JOB OFFERS"},"content":{"rendered":"<div class=\"wpb-content-wrapper\"><p>[vc_row][vc_column][vc_column_text]<strong>Wir suchen aktuell:<\/strong><\/p>\n<p>&nbsp;<\/p>\n<p><strong>Lagermitarbeiter mit Staplerschein (m\/w)<\/strong><br \/>\nWir wenden uns an Personen mit Berufserfahrung als Staplerfahrer(in) mit Bereitschaft f\u00fcr \u00dcberstunden (Montag \u2013 Freitag), sowie genauer Arbeitsweise, Qualit\u00e4tsbewusstsein und hohe Serviceorientierung.<\/p>\n<p>Aufgabenbereich: Be- und Entladung von LKWs, Verbuchen und Kontrolle von Warenein- und Warenausg\u00e4ngen, Warenein- und auslagerung.<\/p>\n<p>F\u00fcr diese interessante, abwechslungsreiche T\u00e4tigkeit und einen sicheren Arbeitsplatz gilt ein \u00fcberdurch-schnittlicher (abh\u00e4ngig von Qualifikation und Erfahrung) \u00fcber dem KV als Speditionsarbeiter liegenden Lohn, bis \u20ac 2.000,&#8211; brutto pro Monat.<\/p>\n<p>Wenn Sie auf der Suche nach einer herausfordernden Position in einem innovativen und dynamischen Unternehmen sind, m\u00f6chten wir Sie gerne kennenlernen.<br \/>\nSenden Sie uns noch heute Ihre Bewerbungsunterlagen per Mail mit Foto an info@texsped.at.<\/p>\n<p>Texsped Spedition GmbH<br \/>\nIZ-N\u00d6-S\u00fcd, Stra\u00dfe 16, Obj. 62<br \/>\n2355 Wr. Neudorf<br \/>\nwww.texsped.at[\/vc_column_text][vc_separator border_width=&#8221;2&#8243;][vc_column_text]<strong>Engagierte(r) Sachbearbeiter(in) (m\/w\/d) \u2013 Vollzeit <\/strong><br \/>\nWir suchen zur St\u00e4rkung unseres Teams eine(n) engagierte(n) Sachbearbeiter(in) mit Lernbereitschaft, Teamplayerf\u00e4higkeiten sowie genauer und effizienter Arbeitsweise.<\/p>\n<p>Aufgabenbereiche: Betreuung der Kunden (eigener Kundenstamm) von der Anfrage bis zur Rechnungsstellung, Bearbeitung von Reklamationen, spannende Aufgaben in den Bereichen Lager-Logistik und Co-Packing, telefonischer sowie schriftlicher Kundenkontakt.<\/p>\n<p>Das w\u00fcnschen wir uns:<\/p>\n<ul>\n<li>Sehr gute Deutschkenntnisse in Wort und Schrift<\/li>\n<li>Gute Englischkenntnisse<\/li>\n<li>Versierter Umgang mit MS Office, insbesondere Excel<\/li>\n<li>MS-Navision von Vorteil, aber nicht notwendig<\/li>\n<li>Bereitschaft zur Aushilfe bzw. Vertretung in unserem Au\u00dfenlager in Perchtoldsdorf<\/li>\n<li>Eigenes Kfz<\/li>\n<\/ul>\n<p>&nbsp;<\/p>\n<p>F\u00fcr diese interessante, abwechslungsreiche T\u00e4tigkeit sowie einen sicheren Arbeitsplatz gilt ein \u00fcberdurchschnittliches Gehalt (\u00fcber dem KV bis \u20ac 2.600,&#8211; brutto pro Monat) abh\u00e4ngig von Qualifikation und Erfahrung.<\/p>\n<p>Wenn Sie auf der Suche nach einer herausfordernden Position in einem innovativen und dynamischen Unternehmen sind, m\u00f6chten wir Sie gerne kennenlernen.<br \/>\nSenden Sie uns noch heute Ihre Bewerbungsunterlagen per Mail mit Foto an info@texsped.at.<\/p>\n<p>Texsped Spedition GmbH<br \/>\nIZ N\u00d6-S\u00fcd, Stra\u00dfe 16, Obj. 62<br \/>\n2355 Wr. Neudorf<br \/>\nwww.texsped.at[\/vc_column_text][\/vc_column][\/vc_row]<\/p>\n<\/div>","protected":false},"excerpt":{"rendered":"<p>[vc_row][vc_column][vc_column_text]Wir suchen aktuell: &nbsp; Lagermitarbeiter mit Staplerschein (m\/w) Wir wenden uns an Personen mit Berufserfahrung als Staplerfahrer(in) mit Bereitschaft f\u00fcr [&hellip;]<\/p>\n","protected":false},"author":1,"featured_media":0,"parent":0,"menu_order":0,"comment_status":"closed","ping_status":"closed","template":"","meta":{"jetpack_post_was_ever_published":false,"footnotes":""},"class_list":["post-693","page","type-page","status-publish","hentry"],"yoast_head":"<!-- This site is optimized with the Yoast SEO plugin v24.5 - https:\/\/yoast.com\/wordpress\/plugins\/seo\/ -->\n<title>CURRENT JOB OFFERS - Texsped<\/title>\n<meta name=\"robots\" content=\"index, follow, max-snippet:-1, max-image-preview:large, max-video-preview:-1\" \/>\n<link rel=\"canonical\" href=\"https:\/\/www.texsped.at\/aktuelle-stellenangebote\/\" \/>\n<meta property=\"og:locale\" content=\"en_US\" \/>\n<meta property=\"og:type\" content=\"article\" \/>\n<meta property=\"og:title\" content=\"CURRENT JOB OFFERS - Texsped\" \/>\n<meta property=\"og:description\" content=\"[vc_row][vc_column][vc_column_text]Wir suchen aktuell: &nbsp; Lagermitarbeiter mit Staplerschein (m\/w) Wir wenden uns an Personen mit Berufserfahrung als Staplerfahrer(in) mit Bereitschaft f\u00fcr [&hellip;]\" \/>\n<meta property=\"og:url\" content=\"https:\/\/www.texsped.at\/aktuelle-stellenangebote\/\" \/>\n<meta property=\"og:site_name\" content=\"Texsped\" \/>\n<meta property=\"article:modified_time\" content=\"2024-03-26T08:29:12+00:00\" \/>\n<meta name=\"twitter:card\" content=\"summary_large_image\" \/>\n<meta name=\"twitter:label1\" content=\"Est. reading time\" \/>\n\t<meta name=\"twitter:data1\" content=\"2 minutes\" \/>\n<script type=\"application\/ld+json\" class=\"yoast-schema-graph\">{\"@context\":\"https:\/\/schema.org\",\"@graph\":[{\"@type\":\"WebPage\",\"@id\":\"https:\/\/www.texsped.at\/aktuelle-stellenangebote\/\",\"url\":\"https:\/\/www.texsped.at\/aktuelle-stellenangebote\/\",\"name\":\"CURRENT JOB OFFERS - Texsped\",\"isPartOf\":{\"@id\":\"https:\/\/www.texsped.at\/#website\"},\"datePublished\":\"2018-11-02T20:43:43+00:00\",\"dateModified\":\"2024-03-26T08:29:12+00:00\",\"breadcrumb\":{\"@id\":\"https:\/\/www.texsped.at\/aktuelle-stellenangebote\/#breadcrumb\"},\"inLanguage\":\"en-US\",\"potentialAction\":[{\"@type\":\"ReadAction\",\"target\":[\"https:\/\/www.texsped.at\/aktuelle-stellenangebote\/\"]}]},{\"@type\":\"BreadcrumbList\",\"@id\":\"https:\/\/www.texsped.at\/aktuelle-stellenangebote\/#breadcrumb\",\"itemListElement\":[{\"@type\":\"ListItem\",\"position\":1,\"name\":\"Home\",\"item\":\"https:\/\/www.texsped.at\/\"},{\"@type\":\"ListItem\",\"position\":2,\"name\":\"[:de]Aktuelle Stellenangebote[:en]CURRENT JOB OFFERS[:]\"}]},{\"@type\":\"WebSite\",\"@id\":\"https:\/\/www.texsped.at\/#website\",\"url\":\"https:\/\/www.texsped.at\/\",\"name\":\"Texsped\",\"description\":\"flexible supply chain management\",\"publisher\":{\"@id\":\"https:\/\/www.texsped.at\/#organization\"},\"potentialAction\":[{\"@type\":\"SearchAction\",\"target\":{\"@type\":\"EntryPoint\",\"urlTemplate\":\"https:\/\/www.texsped.at\/?s={search_term_string}\"},\"query-input\":{\"@type\":\"PropertyValueSpecification\",\"valueRequired\":true,\"valueName\":\"search_term_string\"}}],\"inLanguage\":\"en-US\"},{\"@type\":\"Organization\",\"@id\":\"https:\/\/www.texsped.at\/#organization\",\"name\":\"Texsped Spedition\",\"url\":\"https:\/\/www.texsped.at\/\",\"logo\":{\"@type\":\"ImageObject\",\"inLanguage\":\"en-US\",\"@id\":\"https:\/\/www.texsped.at\/#\/schema\/logo\/image\/\",\"url\":\"https:\/\/www.texsped.at\/wp-content\/uploads\/2016\/04\/Logo_Texsped_flexible_in_time.png\",\"contentUrl\":\"https:\/\/www.texsped.at\/wp-content\/uploads\/2016\/04\/Logo_Texsped_flexible_in_time.png\",\"width\":900,\"height\":359,\"caption\":\"Texsped Spedition\"},\"image\":{\"@id\":\"https:\/\/www.texsped.at\/#\/schema\/logo\/image\/\"}}]}<\/script>\n<!-- \/ Yoast SEO plugin. -->","yoast_head_json":{"title":"CURRENT JOB OFFERS - Texsped","robots":{"index":"index","follow":"follow","max-snippet":"max-snippet:-1","max-image-preview":"max-image-preview:large","max-video-preview":"max-video-preview:-1"},"canonical":"https:\/\/www.texsped.at\/aktuelle-stellenangebote\/","og_locale":"en_US","og_type":"article","og_title":"CURRENT JOB OFFERS - Texsped","og_description":"[vc_row][vc_column][vc_column_text]Wir suchen aktuell: &nbsp; Lagermitarbeiter mit Staplerschein (m\/w) Wir wenden uns an Personen mit Berufserfahrung als Staplerfahrer(in) mit Bereitschaft f\u00fcr [&hellip;]","og_url":"https:\/\/www.texsped.at\/aktuelle-stellenangebote\/","og_site_name":"Texsped","article_modified_time":"2024-03-26T08:29:12+00:00","twitter_card":"summary_large_image","twitter_misc":{"Est. reading time":"2 minutes"},"schema":{"@context":"https:\/\/schema.org","@graph":[{"@type":"WebPage","@id":"https:\/\/www.texsped.at\/aktuelle-stellenangebote\/","url":"https:\/\/www.texsped.at\/aktuelle-stellenangebote\/","name":"CURRENT JOB OFFERS - Texsped","isPartOf":{"@id":"https:\/\/www.texsped.at\/#website"},"datePublished":"2018-11-02T20:43:43+00:00","dateModified":"2024-03-26T08:29:12+00:00","breadcrumb":{"@id":"https:\/\/www.texsped.at\/aktuelle-stellenangebote\/#breadcrumb"},"inLanguage":"en-US","potentialAction":[{"@type":"ReadAction","target":["https:\/\/www.texsped.at\/aktuelle-stellenangebote\/"]}]},{"@type":"BreadcrumbList","@id":"https:\/\/www.texsped.at\/aktuelle-stellenangebote\/#breadcrumb","itemListElement":[{"@type":"ListItem","position":1,"name":"Home","item":"https:\/\/www.texsped.at\/"},{"@type":"ListItem","position":2,"name":"[:de]Aktuelle Stellenangebote[:en]CURRENT JOB OFFERS[:]"}]},{"@type":"WebSite","@id":"https:\/\/www.texsped.at\/#website","url":"https:\/\/www.texsped.at\/","name":"Texsped","description":"flexible supply chain management","publisher":{"@id":"https:\/\/www.texsped.at\/#organization"},"potentialAction":[{"@type":"SearchAction","target":{"@type":"EntryPoint","urlTemplate":"https:\/\/www.texsped.at\/?s={search_term_string}"},"query-input":{"@type":"PropertyValueSpecification","valueRequired":true,"valueName":"search_term_string"}}],"inLanguage":"en-US"},{"@type":"Organization","@id":"https:\/\/www.texsped.at\/#organization","name":"Texsped Spedition","url":"https:\/\/www.texsped.at\/","logo":{"@type":"ImageObject","inLanguage":"en-US","@id":"https:\/\/www.texsped.at\/#\/schema\/logo\/image\/","url":"https:\/\/www.texsped.at\/wp-content\/uploads\/2016\/04\/Logo_Texsped_flexible_in_time.png","contentUrl":"https:\/\/www.texsped.at\/wp-content\/uploads\/2016\/04\/Logo_Texsped_flexible_in_time.png","width":900,"height":359,"caption":"Texsped Spedition"},"image":{"@id":"https:\/\/www.texsped.at\/#\/schema\/logo\/image\/"}}]}},"jetpack_sharing_enabled":true,"jetpack_shortlink":"https:\/\/wp.me\/P7iTbg-bb","_links":{"self":[{"href":"https:\/\/www.texsped.at\/en\/wp-json\/wp\/v2\/pages\/693"}],"collection":[{"href":"https:\/\/www.texsped.at\/en\/wp-json\/wp\/v2\/pages"}],"about":[{"href":"https:\/\/www.texsped.at\/en\/wp-json\/wp\/v2\/types\/page"}],"author":[{"embeddable":true,"href":"https:\/\/www.texsped.at\/en\/wp-json\/wp\/v2\/users\/1"}],"replies":[{"embeddable":true,"href":"https:\/\/www.texsped.at\/en\/wp-json\/wp\/v2\/comments?post=693"}],"version-history":[{"count":12,"href":"https:\/\/www.texsped.at\/en\/wp-json\/wp\/v2\/pages\/693\/revisions"}],"predecessor-version":[{"id":983,"href":"https:\/\/www.texsped.at\/en\/wp-json\/wp\/v2\/pages\/693\/revisions\/983"}],"wp:attachment":[{"href":"https:\/\/www.texsped.at\/en\/wp-json\/wp\/v2\/media?parent=693"}],"curies":[{"name":"wp","href":"https:\/\/api.w.org\/{rel}","templated":true}]}}